{"id":131,"date":"2024-06-20T16:11:02","date_gmt":"2024-06-20T14:11:02","guid":{"rendered":"https:\/\/www.druckenswert.de\/?page_id=131"},"modified":"2024-09-17T20:29:33","modified_gmt":"2024-09-17T18:29:33","slug":"selbst","status":"publish","type":"page","link":"https:\/\/www.druckenswert.de\/","title":{"rendered":"Start"},"content":{"rendered":"<p>[et_pb_section fb_built=&#8220;1&#8243; fullwidth=&#8220;on&#8220; _builder_version=&#8220;4.25.2&#8243; _module_preset=&#8220;default&#8220; global_colors_info=&#8220;{}&#8220;][et_pb_fullwidth_image src=&#8220;https:\/\/www.druckenswert.de\/wp-content\/uploads\/2024\/07\/top.png&#8220; title_text=&#8220;top&#8220; _builder_version=&#8220;4.27.0&#8243; _module_preset=&#8220;default&#8220; hover_enabled=&#8220;0&#8243; global_colors_info=&#8220;{}&#8220; sticky_enabled=&#8220;0&#8243; min_height=&#8220;350px&#8220; background_enable_image=&#8220;off&#8220;][\/et_pb_fullwidth_image][et_pb_fullwidth_header title=&#8220;Pr\u00e4zision und Vielseitigkeit in jedem Druck&#8220; _builder_version=&#8220;4.27.0&#8243; _module_preset=&#8220;default&#8220; global_colors_info=&#8220;{}&#8220; min_height=&#8220;275.8px&#8220;]<\/p>\n<p><span>Entdecken Sie die M\u00f6glichkeiten des 3D-Drucks mit unseren fortschrittlichen FDM- und SLA-Technologien. Perfekt f\u00fcr Prototypen, Modelle und mehr.<\/span><\/p>\n<p>&nbsp;<\/p>\n<p>Wir bieten f\u00fcr Gewerbe und Privat hochwertige Ausdrucke in FDM- oder SLA-Technik mit unterschiedlichsten Materialien wie PLA, PLA-CF, PLA Matte, PETG, PETG-CF, ASA, ABS, Nylon, TPU. Mehrfarbdruck bis zu 16 Farben pro Modell ist im FDM-Druck m\u00f6glich.<\/p>\n<p>&nbsp;<\/p>\n<p>Kontaktieren sie uns f\u00fcr ein individuelles Preis- und Ausf\u00fchrungsangebot des Ausdrucks ihrer bereitgestellten Datei in Einzelst\u00fcck oder Kleinserie.<\/p>\n<p>[\/et_pb_fullwidth_header][\/et_pb_section]<\/p>\n","protected":false},"excerpt":{"rendered":"<p>Entdecken Sie die M\u00f6glichkeiten des 3D-Drucks mit unseren fortschrittlichen FDM- und SLA-Technologien. Perfekt f\u00fcr Prototypen, Modelle und mehr. &nbsp; Wir bieten f\u00fcr Gewerbe und Privat hochwertige Ausdrucke in FDM- oder SLA-Technik mit unterschiedlichsten Materialien wie PLA, PLA-CF, PLA Matte, PETG, PETG-CF, ASA, ABS, Nylon, TPU. Mehrfarbdruck bis zu 16 Farben pro Modell ist im FDM-Druck [&hellip;]<\/p>\n","protected":false},"author":1,"featured_media":0,"parent":0,"menu_order":0,"comment_status":"closed","ping_status":"closed","template":"","meta":{"_et_pb_use_builder":"on","_et_pb_old_content":"","_et_gb_content_width":"","footnotes":""},"class_list":["post-131","page","type-page","status-publish","hentry"],"_links":{"self":[{"href":"https:\/\/www.druckenswert.de\/index.php\/wp-json\/wp\/v2\/pages\/131","targetHints":{"allow":["GET"]}}],"collection":[{"href":"https:\/\/www.druckenswert.de\/index.php\/wp-json\/wp\/v2\/pages"}],"about":[{"href":"https:\/\/www.druckenswert.de\/index.php\/wp-json\/wp\/v2\/types\/page"}],"author":[{"embeddable":true,"href":"https:\/\/www.druckenswert.de\/index.php\/wp-json\/wp\/v2\/users\/1"}],"replies":[{"embeddable":true,"href":"https:\/\/www.druckenswert.de\/index.php\/wp-json\/wp\/v2\/comments?post=131"}],"version-history":[{"count":14,"href":"https:\/\/www.druckenswert.de\/index.php\/wp-json\/wp\/v2\/pages\/131\/revisions"}],"predecessor-version":[{"id":235,"href":"https:\/\/www.druckenswert.de\/index.php\/wp-json\/wp\/v2\/pages\/131\/revisions\/235"}],"wp:attachment":[{"href":"https:\/\/www.druckenswert.de\/index.php\/wp-json\/wp\/v2\/media?parent=131"}],"curies":[{"name":"wp","href":"https:\/\/api.w.org\/{rel}","templated":true}]}}